{"id":60,"date":"2025-07-22T04:13:24","date_gmt":"2025-07-22T04:13:24","guid":{"rendered":"https:\/\/dailyfintechenews.com\/about\/"},"modified":"2025-08-02T18:59:33","modified_gmt":"2025-08-02T10:59:33","slug":"about","status":"publish","type":"page","link":"https:\/\/dailyfintechenews.com\/vi\/about\/","title":{"rendered":"About"},"content":{"rendered":"<h1>V\u1ec1 Ch\u00fang T\u00f4i<\/h1>\n<p>\t\t\t\t\t\t\t\t\t\t\t\t\t\t\t<img decoding=\"async\" width=\"1024\" height=\"295\" data-src=\"https:\/\/dailyfintechenews.com\/wp-content\/uploads\/2025\/08\/golden-cryptocurrency-coins-on-the-laptop-close-up-2024-09-23-02-43-08-utc-scaled-e1754130891723-1024x295.jpg\" alt=\"\" data-srcset=\"https:\/\/dailyfintechenews.com\/wp-content\/uploads\/2025\/08\/golden-cryptocurrency-coins-on-the-laptop-close-up-2024-09-23-02-43-08-utc-scaled-e1754130891723-1024x295.jpg 1024w, https:\/\/dailyfintechenews.com\/wp-content\/uploads\/2025\/08\/golden-cryptocurrency-coins-on-the-laptop-close-up-2024-09-23-02-43-08-utc-scaled-e1754130891723-300x86.jpg 300w, https:\/\/dailyfintechenews.com\/wp-content\/uploads\/2025\/08\/golden-cryptocurrency-coins-on-the-laptop-close-up-2024-09-23-02-43-08-utc-scaled-e1754130891723-768x221.jpg 768w, https:\/\/dailyfintechenews.com\/wp-content\/uploads\/2025\/08\/golden-cryptocurrency-coins-on-the-laptop-close-up-2024-09-23-02-43-08-utc-scaled-e1754130891723-1536x443.jpg 1536w, https:\/\/dailyfintechenews.com\/wp-content\/uploads\/2025\/08\/golden-cryptocurrency-coins-on-the-laptop-close-up-2024-09-23-02-43-08-utc-scaled-e1754130891723-2048x590.jpg 2048w\" data-sizes=\"auto, (max-width: 1024px) 100vw, 1024px\" src=\"data:image\/svg+xml;base64,PHN2ZyB3aWR0aD0iMSIgaGVpZ2h0PSIxIiB4bWxucz0iaHR0cDovL3d3dy53My5vcmcvMjAwMC9zdmciPjwvc3ZnPg==\" class=\"lazyload\" style=\"--smush-placeholder-width: 1024px; --smush-placeholder-aspect-ratio: 1024\/295;\" \/><br \/>\n\t\t\t\t\t\t\t\t\t\t\t\t\t\t\t<img decoding=\"async\" width=\"683\" height=\"1024\" data-src=\"https:\/\/dailyfintechenews.com\/wp-content\/uploads\/2025\/08\/virtual-currency-cryptocurrency-2025-03-07-16-56-31-utc-683x1024.jpg\" alt=\"\" data-srcset=\"https:\/\/dailyfintechenews.com\/wp-content\/uploads\/2025\/08\/virtual-currency-cryptocurrency-2025-03-07-16-56-31-utc-683x1024.jpg 683w, https:\/\/dailyfintechenews.com\/wp-content\/uploads\/2025\/08\/virtual-currency-cryptocurrency-2025-03-07-16-56-31-utc-200x300.jpg 200w, https:\/\/dailyfintechenews.com\/wp-content\/uploads\/2025\/08\/virtual-currency-cryptocurrency-2025-03-07-16-56-31-utc-768x1152.jpg 768w, https:\/\/dailyfintechenews.com\/wp-content\/uploads\/2025\/08\/virtual-currency-cryptocurrency-2025-03-07-16-56-31-utc-1024x1536.jpg 1024w, https:\/\/dailyfintechenews.com\/wp-content\/uploads\/2025\/08\/virtual-currency-cryptocurrency-2025-03-07-16-56-31-utc-1365x2048.jpg 1365w, https:\/\/dailyfintechenews.com\/wp-content\/uploads\/2025\/08\/virtual-currency-cryptocurrency-2025-03-07-16-56-31-utc-scaled.jpg 1707w\" data-sizes=\"auto, (max-width: 683px) 100vw, 683px\" src=\"data:image\/svg+xml;base64,PHN2ZyB3aWR0aD0iMSIgaGVpZ2h0PSIxIiB4bWxucz0iaHR0cDovL3d3dy53My5vcmcvMjAwMC9zdmciPjwvc3ZnPg==\" class=\"lazyload\" style=\"--smush-placeholder-width: 683px; --smush-placeholder-aspect-ratio: 683\/1024;\" \/>\t\t\t\t\t\t\t\t\t\t\t\t\t\t\t<\/p>\n<p>\n\t\t\t\t\t\tDailyFinTechNews.com l\u00e0 c\u1ed5ng th\u00f4ng tin \u0111\u00e1ng tin c\u1eady chuy\u00ean cung c\u1ea5p c\u00e1c tin t\u1ee9c, xu h\u01b0\u1edbng v\u00e0 ph\u00e2n t\u00edch chuy\u00ean s\u00e2u v\u1ec1 c\u00f4ng ngh\u1ec7 t\u00e0i ch\u00ednh (FinTech) c\u00f9ng nh\u1eefng \u1ee9ng d\u1ee5ng th\u1ef1c ti\u1ec5n trong ng\u00e0nh t\u00e0i ch\u00ednh hi\u1ec7n \u0111\u1ea1i. Ch\u00fang t\u00f4i mang \u0111\u1ebfn c\u00e1i nh\u00ecn to\u00e0n c\u1ea3nh v\u1ec1 nh\u1eefng \u0111\u1ed5i m\u1edbi to\u00e0n c\u1ea7u \u2014 t\u1eeb gi\u1ea3i ph\u00e1p thanh to\u00e1n k\u1ef9 thu\u1eadt s\u1ed1, ng\u00e2n h\u00e0ng th\u00f4ng minh (smart banking) cho \u0111\u1ebfn h\u1ea1 t\u1ea7ng t\u00e0i ch\u00ednh d\u1ef1a tr\u00ean c\u00f4ng ngh\u1ec7 blockchain v\u00e0 c\u00e1c n\u1ec1n t\u1ea3ng t\u00e0i ch\u00ednh \u1ee9ng d\u1ee5ng tr\u00ed tu\u1ec7 nh\u00e2n t\u1ea1o (AI). Trong k\u1ef7 nguy\u00ean s\u1ed1 h\u00f3a t\u00e0i ch\u00ednh, ch\u00fang t\u00f4i \u0111\u1ed3ng h\u00e0nh c\u00f9ng c\u00e1c chuy\u00ean gia, nh\u00e0 \u0111\u1ea7u t\u01b0 v\u00e0 nh\u00e0 ho\u1ea1ch \u0111\u1ecbnh ch\u00ednh s\u00e1ch \u0111\u1ec3 c\u1eadp nh\u1eadt nh\u1eefng c\u00f4ng ngh\u1ec7 \u0111ang \u0111\u1ecbnh h\u00ecnh t\u01b0\u01a1ng lai ng\u00e0nh t\u00e0i ch\u00ednh.<\/br><\/br><br \/>\nT\u1ea1i DailyFinTechNews.com, ch\u00fang t\u00f4i \u0111\u1eb7c bi\u1ec7t t\u1eadp trung v\u00e0o vi\u1ec7c \u1ee9ng d\u1ee5ng blockchain v\u00e0 AI v\u00e0o h\u1ec7 th\u1ed1ng t\u00e0i ch\u00ednh v\u00e0 thanh to\u00e1n. C\u00e1c b\u00e0i vi\u1ebft ph\u00e2n t\u00edch chuy\u00ean s\u00e2u cho th\u1ea5y c\u00e1ch nh\u1eefng c\u00f4ng ngh\u1ec7 n\u00e0y \u0111ang n\u00e2ng cao hi\u1ec7u qu\u1ea3 trong chuy\u1ec3n ti\u1ec1n xuy\u00ean bi\u00ean gi\u1edbi, b\u1ea3o m\u1eadt giao d\u1ecbch, ph\u00f2ng ch\u1ed1ng gian l\u1eadn v\u00e0 t\u1ed1i \u01b0u h\u00f3a ph\u00e2n t\u00edch d\u1eef li\u1ec7u t\u00e0i ch\u00ednh. B\u00ean c\u1ea1nh \u0111\u00f3, ch\u00fang t\u00f4i c\u0169ng theo d\u00f5i s\u00e1t sao s\u1ef1 ph\u00e1t tri\u1ec3n c\u1ee7a FinTech tr\u00ean to\u00e0n c\u1ea7u, \u0111\u00f3ng vai tr\u00f2 th\u00fac \u0111\u1ea9y \u0111\u1ed5i m\u1edbi s\u00e1ng t\u1ea1o, t\u0103ng c\u01b0\u1eddng kh\u1ea3 n\u0103ng ti\u1ebfp c\u1eadn t\u00e0i ch\u00ednh v\u00e0 tu\u00e2n th\u1ee7 quy \u0111\u1ecbnh ph\u00e1p l\u00fd t\u1ea1i nhi\u1ec1u th\u1ecb tr\u01b0\u1eddng m\u1edbi n\u1ed5i.<\/br><\/br><br \/>\nNgo\u00e0i ra, DailyFinTechNews.com c\u00f2n l\u00e0 \u0111i\u1ec3m \u0111\u1ebfn h\u1eefu \u00edch cho c\u00e1c nh\u00e0 giao d\u1ecbch (trader) quan t\u00e2m \u0111\u1ebfn vi\u1ec7c \u1ee9ng d\u1ee5ng h\u1ec7 th\u1ed1ng EA (Expert Advisor) v\u00e0 AI trong giao d\u1ecbch ti\u1ec1n m\u00e3 h\u00f3a (crypto) v\u00e0 ngo\u1ea1i h\u1ed1i (forex). Qua c\u00e1c b\u00e0i vi\u1ebft chia s\u1ebb kinh nghi\u1ec7m th\u1ef1c t\u1ebf, ph\u00e2n t\u00edch k\u1ef9 thu\u1eadt v\u00e0 t\u00ecnh hu\u1ed1ng \u1ee9ng d\u1ee5ng, ch\u00fang t\u00f4i t\u1ea1o \u0111i\u1ec1u ki\u1ec7n \u0111\u1ec3 c\u1ed9ng \u0111\u1ed3ng nh\u00e0 giao d\u1ecbch trao \u0111\u1ed5i ki\u1ebfn th\u1ee9c, h\u1ecdc h\u1ecfi l\u1eabn nhau v\u00e0 ph\u00e1t tri\u1ec3n chi\u1ebfn l\u01b0\u1ee3c giao d\u1ecbch hi\u1ec7u qu\u1ea3 nh\u1edd c\u00f4ng ngh\u1ec7.<\/br><\/br><br \/>\nSong song v\u1edbi n\u1ed9i dung chuy\u00ean m\u00f4n, ch\u00fang t\u00f4i c\u00f2n l\u00e0 n\u1ec1n t\u1ea3ng \u0111\u0103ng t\u1ea3i th\u00f4ng c\u00e1o b\u00e1o ch\u00ed v\u00e0 b\u00e0i vi\u1ebft doanh nghi\u1ec7p d\u00e0nh cho c\u00e1c c\u00f4ng ty FinTech, d\u1ef1 \u00e1n crypto, startup t\u00e0i ch\u00ednh c\u0169ng nh\u01b0 c\u00e1c chuy\u00ean gia ng\u00e0nh. D\u00f9 l\u00e0 ra m\u1eaft s\u1ea3n ph\u1ea9m, m\u1edf r\u1ed9ng th\u1ecb tr\u01b0\u1eddng, h\u1ee3p t\u00e1c chi\u1ebfn l\u01b0\u1ee3c hay gi\u1edbi thi\u1ec7u c\u00f4ng ngh\u1ec7 m\u1edbi \u2014 DailyFinTechNews.com gi\u00fap b\u1ea1n lan t\u1ecfa th\u00f4ng tin \u0111\u1ebfn c\u1ed9ng \u0111\u1ed3ng t\u00e0i ch\u00ednh to\u00e0n c\u1ea7u.<br \/>\nH\u00e3y g\u1eedi th\u00f4ng c\u00e1o b\u00e1o ch\u00ed ho\u1eb7c b\u00e0i vi\u1ebft c\u1ee7a b\u1ea1n \u0111\u1ec3 ti\u1ebfng n\u00f3i th\u01b0\u01a1ng hi\u1ec7u c\u1ee7a b\u1ea1n \u0111\u01b0\u1ee3c l\u1eafng nghe tr\u00ean to\u00e0n th\u1ecb tr\u01b0\u1eddng.\t\t\t\t\t<\/p>\n","protected":false},"excerpt":{"rendered":"<p>V\u1ec1 Ch\u00fang T\u00f4i DailyFinTechNews.com l\u00e0 c\u1ed5ng th\u00f4ng tin \u0111\u00e1ng tin c\u1eady chuy\u00ean cung c\u1ea5p c\u00e1c tin t\u1ee9c, xu h\u01b0\u1edbng v\u00e0 ph\u00e2n t\u00edch chuy\u00ean s\u00e2u v\u1ec1 c\u00f4ng ngh\u1ec7 t\u00e0i ch\u00ednh (FinTech) c\u00f9ng nh\u1eefng \u1ee9ng d\u1ee5ng th\u1ef1c ti\u1ec5n trong ng\u00e0nh t\u00e0i ch\u00ednh hi\u1ec7n \u0111\u1ea1i. Ch\u00fang t\u00f4i mang \u0111\u1ebfn c\u00e1i nh\u00ecn to\u00e0n c\u1ea3nh v\u1ec1 nh\u1eefng \u0111\u1ed5i m\u1edbi to\u00e0n [&hellip;]<\/p>\n","protected":false},"author":1,"featured_media":0,"parent":0,"menu_order":0,"comment_status":"closed","ping_status":"closed","template":"","meta":{"footnotes":""},"class_list":["post-60","page","type-page","status-publish","hentry"],"translation":{"provider":"WPGlobus","version":"3.0.0","language":"vi","enabled_languages":["en","de","ja","vi","ms"],"languages":{"en":{"title":true,"content":true,"excerpt":false},"de":{"title":true,"content":true,"excerpt":false},"ja":{"title":false,"content":true,"excerpt":false},"vi":{"title":false,"content":true,"excerpt":false},"ms":{"title":false,"content":true,"excerpt":false}}},"rttpg_featured_image_url":null,"rttpg_author":{"display_name":"tranhuynhmy@proton.me","author_link":"https:\/\/dailyfintechenews.com\/vi\/author\/tranhuynhmyproton-me\/"},"rttpg_comment":0,"rttpg_category":null,"rttpg_excerpt":"V\u1ec1 Ch\u00fang T\u00f4i DailyFinTechNews.com l\u00e0 c\u1ed5ng th\u00f4ng tin \u0111\u00e1ng tin c\u1eady chuy\u00ean cung c\u1ea5p c\u00e1c tin t\u1ee9c, xu h\u01b0\u1edbng v\u00e0 ph\u00e2n t\u00edch chuy\u00ean s\u00e2u v\u1ec1 c\u00f4ng ngh\u1ec7 t\u00e0i ch\u00ednh (FinTech) c\u00f9ng nh\u1eefng \u1ee9ng d\u1ee5ng th\u1ef1c ti\u1ec5n trong ng\u00e0nh t\u00e0i ch\u00ednh hi\u1ec7n \u0111\u1ea1i. Ch\u00fang t\u00f4i mang \u0111\u1ebfn c\u00e1i nh\u00ecn to\u00e0n c\u1ea3nh v\u1ec1 nh\u1eefng \u0111\u1ed5i m\u1edbi to\u00e0n&hellip;","_links":{"self":[{"href":"https:\/\/dailyfintechenews.com\/vi\/wp-json\/wp\/v2\/pages\/60","targetHints":{"allow":["GET"]}}],"collection":[{"href":"https:\/\/dailyfintechenews.com\/vi\/wp-json\/wp\/v2\/pages"}],"about":[{"href":"https:\/\/dailyfintechenews.com\/vi\/wp-json\/wp\/v2\/types\/page"}],"author":[{"embeddable":true,"href":"https:\/\/dailyfintechenews.com\/vi\/wp-json\/wp\/v2\/users\/1"}],"replies":[{"embeddable":true,"href":"https:\/\/dailyfintechenews.com\/vi\/wp-json\/wp\/v2\/comments?post=60"}],"version-history":[{"count":105,"href":"https:\/\/dailyfintechenews.com\/vi\/wp-json\/wp\/v2\/pages\/60\/revisions"}],"predecessor-version":[{"id":1949,"href":"https:\/\/dailyfintechenews.com\/vi\/wp-json\/wp\/v2\/pages\/60\/revisions\/1949"}],"wp:attachment":[{"href":"https:\/\/dailyfintechenews.com\/vi\/wp-json\/wp\/v2\/media?parent=60"}],"curies":[{"name":"wp","href":"https:\/\/api.w.org\/{rel}","templated":true}]}}